{"id":61,"date":"2017-05-24T10:51:59","date_gmt":"2017-05-24T10:51:59","guid":{"rendered":"http:\/\/www.globalnetsports.com\/?page_id=61"},"modified":"2017-06-12T09:59:32","modified_gmt":"2017-06-12T09:59:32","slug":"aviso-legal","status":"publish","type":"page","link":"https:\/\/www.globalnetsports.com\/es\/aviso-legal\/","title":{"rendered":"Aviso legal"},"content":{"rendered":"<p>Este sitio web y todo su contenido, incluyendo textos, im\u00e1genes, gr\u00e1ficos, archivos audiovisuales y cualquier otro tipo de material son propiedad de Global Net Sports o dispone derechos de su uso. Todos los derechos est\u00e1n reservados.<\/p>\n<p>El acceso a este sitio est\u00e1 sujeto a las siguientes condiciones:<\/p>\n<ul>\n<li>Solamente est\u00e1 autorizado el uso personal y no comercial. Est\u00e1 prohibido copiar, reproducir, transmitir, distribuir o modificar cualquier parte de este sitio web o de su contenido.<\/li>\n<li>Global Net Sports no garantiza la exactitud, veracidad o integridad de los contenidos del site. Tampoco garantiza que el servidor y el site est\u00e1n libres de virus y no se hace responsable ni de los da\u00f1os causados por el acceso al sitio web ni por la imposibilidad de acceder a \u00e9l.<\/li>\n<li>Cualquier dato que los visitantes de este site env\u00eden a Global Net Sports ser\u00e1n archivados en su base de datos de acuerdo a la legislaci\u00f3n espa\u00f1ola 15\/1999 del 13 de diciembre. Dichos datos ser\u00e1n utilizados por Global Net Sports con la finalidad de responder a las solicitudes enviadas y mantenerle en adelante informado sobre las novedades de la Agencia. Los visitantes pueden acceder, modificar o cancelar sus datos en cualquier momento mediante el env\u00edo de un correo electr\u00f3nico a gerard@globalnetsports.com o escribiendo a la siguiente direcci\u00f3n:<br \/>\nRonda Sant Pere 40,<br \/>\n08010 Barcelona (Spain)<\/li>\n<\/ul>\n<h2>POLITICA DE COOKIES<\/h2>\n<p>Para el buen funcionamiento del web, el sistema de navegaci\u00f3n y la programaci\u00f3n utilizada se recogen algunos datos de navegaci\u00f3n (a partir de ahora nombradas \u00abcookies\u00bb) que son necesarias en el uso de los protocolos de comunicaci\u00f3n en internet.<\/p>\n<p>Las cookies son archivos o piezas de informaci\u00f3n que pueden ser almacenadas en el ordenador (u otros dispositivos habilitados para Internet, como un smartphone o tableta) cuando visita Global Net Sports.<\/p>\n<p>&nbsp;<\/p>\n<h2>NUESTRO USO DE LAS COOKIES<\/h2>\n<p><b>Analytics<\/b><\/p>\n<p>Google Analytics es la herramienta de an\u00e1lisis que ayuda a los propietarios de sitios web y de aplicaciones a entender c\u00f3mo interact\u00faan los visitantes con sus propiedades. Esta herramienta puede utilizar un conjunto de cookies para recopilar informaci\u00f3n y ofrecer estad\u00edsticas de uso de los sitios web sin identificar personalmente a los visitantes de Google. La principal cookie que utiliza Google Analytics es \u00ab__ga\u00bb.<\/p>\n<p>Adem\u00e1s de para ofrecer estad\u00ed\u00adsticas de uso de los sitios web, Google Analytics tambi\u00e9n se puede utilizar junto con algunas de las cookies publicitarias descritas anteriormente para mostrar anuncios m\u00e1s relevantes en las propiedades de Google (p. ej., en el buscador de Google) y en toda la Web.<\/p>\n<p>&nbsp;<\/p>\n<p>Si no desea recibir cookies, por favor configure su navegador de Internet para borrarlos desde el disco duro de su ordenador, bloquearlos o advertirle si est\u00e1 instalado. Para continuar sin cambiar la configuraci\u00f3n de las cookies, simplemente contin\u00fae en el sitio web.<\/p>\n<p>&nbsp;<\/p>\n<p>Si tiene cualquier duda sobre nuestra pol\u00ed\u00adtica de privacidad, por favor no dude en contactar con nosotros a: <a href=\"mailto:gerard@globalnetsports.com\">gerard@globalnetsports.com<\/a><\/p>\n","protected":false},"excerpt":{"rendered":"<p>Este sitio web y todo su contenido, incluyendo textos, im\u00e1genes, gr\u00e1ficos, archivos audiovisuales y cualquier otro tipo de material son propiedad de Global Net Sports o dispone derechos de su uso. Todos los derechos est\u00e1n reservados. El acceso a este sitio est\u00e1 sujeto a las siguientes condiciones: Solamente est\u00e1 autorizado el uso personal y no [&hellip;]<\/p>\n","protected":false},"author":1,"featured_media":0,"parent":0,"menu_order":0,"comment_status":"closed","ping_status":"closed","template":"","meta":[],"yoast_head":"<!-- This site is optimized with the Yoast SEO plugin v15.7 - https:\/\/yoast.com\/wordpress\/plugins\/seo\/ -->\n<title>Aviso legal - Global Net Sports<\/title>\n<meta name=\"description\" content=\"Este sitio web y todo su contenido, incluyendo textos, im\u00e1genes, gr\u00e1ficos, archivos audiovisuales son propiedad de Global Net Sports.\" \/>\n<meta name=\"robots\" content=\"index, follow, max-snippet:-1, max-image-preview:large, max-video-preview:-1\" \/>\n<link rel=\"canonical\" href=\"https:\/\/www.globalnetsports.com\/es\/aviso-legal\/\" \/>\n<meta property=\"og:locale\" content=\"es_ES\" \/>\n<meta property=\"og:type\" content=\"article\" \/>\n<meta property=\"og:title\" content=\"Aviso legal - Global Net Sports\" \/>\n<meta property=\"og:description\" content=\"Este sitio web y todo su contenido, incluyendo textos, im\u00e1genes, gr\u00e1ficos, archivos audiovisuales son propiedad de Global Net Sports.\" \/>\n<meta property=\"og:url\" content=\"https:\/\/www.globalnetsports.com\/es\/aviso-legal\/\" \/>\n<meta property=\"og:site_name\" content=\"Global Net Sports\" \/>\n<meta property=\"article:publisher\" content=\"https:\/\/www.facebook.com\/globalnetsports\" \/>\n<meta property=\"article:modified_time\" content=\"2017-06-12T09:59:32+00:00\" \/>\n<meta name=\"twitter:card\" content=\"summary\" \/>\n<meta name=\"twitter:site\" content=\"@globalnetsports\" \/>\n<meta name=\"twitter:label1\" content=\"Tiempo de lectura\">\n\t<meta name=\"twitter:data1\" content=\"3 minutos\">\n<script type=\"application\/ld+json\" class=\"yoast-schema-graph\">{\"@context\":\"https:\/\/schema.org\",\"@graph\":[{\"@type\":\"WebSite\",\"@id\":\"https:\/\/www.globalnetsports.com\/#website\",\"url\":\"https:\/\/www.globalnetsports.com\/\",\"name\":\"Global Net Sports\",\"description\":\"Agency communication and internet sports marketing  \",\"potentialAction\":[{\"@type\":\"SearchAction\",\"target\":\"https:\/\/www.globalnetsports.com\/?s={search_term_string}\",\"query-input\":\"required name=search_term_string\"}],\"inLanguage\":\"es\"},{\"@type\":\"WebPage\",\"@id\":\"https:\/\/www.globalnetsports.com\/es\/aviso-legal\/#webpage\",\"url\":\"https:\/\/www.globalnetsports.com\/es\/aviso-legal\/\",\"name\":\"Aviso legal - Global Net Sports\",\"isPartOf\":{\"@id\":\"https:\/\/www.globalnetsports.com\/#website\"},\"datePublished\":\"2017-05-24T10:51:59+00:00\",\"dateModified\":\"2017-06-12T09:59:32+00:00\",\"description\":\"Este sitio web y todo su contenido, incluyendo textos, im\\u00e1genes, gr\\u00e1ficos, archivos audiovisuales son propiedad de Global Net Sports.\",\"inLanguage\":\"es\",\"potentialAction\":[{\"@type\":\"ReadAction\",\"target\":[\"https:\/\/www.globalnetsports.com\/es\/aviso-legal\/\"]}]}]}<\/script>\n<!-- \/ Yoast SEO plugin. -->","_links":{"self":[{"href":"https:\/\/www.globalnetsports.com\/es\/wp-json\/wp\/v2\/pages\/61"}],"collection":[{"href":"https:\/\/www.globalnetsports.com\/es\/wp-json\/wp\/v2\/pages"}],"about":[{"href":"https:\/\/www.globalnetsports.com\/es\/wp-json\/wp\/v2\/types\/page"}],"author":[{"embeddable":true,"href":"https:\/\/www.globalnetsports.com\/es\/wp-json\/wp\/v2\/users\/1"}],"replies":[{"embeddable":true,"href":"https:\/\/www.globalnetsports.com\/es\/wp-json\/wp\/v2\/comments?post=61"}],"version-history":[{"count":7,"href":"https:\/\/www.globalnetsports.com\/es\/wp-json\/wp\/v2\/pages\/61\/revisions"}],"predecessor-version":[{"id":388,"href":"https:\/\/www.globalnetsports.com\/es\/wp-json\/wp\/v2\/pages\/61\/revisions\/388"}],"wp:attachment":[{"href":"https:\/\/www.globalnetsports.com\/es\/wp-json\/wp\/v2\/media?parent=61"}],"curies":[{"name":"wp","href":"https:\/\/api.w.org\/{rel}","templated":true}]}}